{"id":239,"date":"2015-09-12T11:07:28","date_gmt":"2015-09-12T11:07:28","guid":{"rendered":"http:\/\/cebilbilitanos.com\/?page_id=239"},"modified":"2015-09-13T17:31:35","modified_gmt":"2015-09-13T17:31:35","slug":"239-2","status":"publish","type":"page","link":"http:\/\/cebilbilitanos.com\/?page_id=239","title":{"rendered":"Historia del monasterio de la Visitaci\u00f3n de Calatayud"},"content":{"rendered":"<p><a href=\"http:\/\/cebilbilitanos.com\/wp-content\/uploads\/2015\/09\/historia-monasterio-visitacion-calatayud-402bf857-c405-458d-b41d-adbd855de638.jpeg\"><img decoding=\"async\" loading=\"lazy\" class=\"aligncenter size-full wp-image-240\" src=\"http:\/\/cebilbilitanos.com\/wp-content\/uploads\/2015\/09\/historia-monasterio-visitacion-calatayud-402bf857-c405-458d-b41d-adbd855de638.jpeg\" alt=\"historia-monasterio-visitacion-calatayud-402bf857-c405-458d-b41d-adbd855de638\" width=\"357\" height=\"490\" srcset=\"http:\/\/cebilbilitanos.com\/wp-content\/uploads\/2015\/09\/historia-monasterio-visitacion-calatayud-402bf857-c405-458d-b41d-adbd855de638.jpeg 357w, http:\/\/cebilbilitanos.com\/wp-content\/uploads\/2015\/09\/historia-monasterio-visitacion-calatayud-402bf857-c405-458d-b41d-adbd855de638-219x300.jpeg 219w\" sizes=\"(max-width: 357px) 100vw, 357px\" \/><\/a><\/p>\n<p>&nbsp;<\/p>\n<p><b>RESANO S\u00c1NCHEZ, Miguel<\/b>: <i>Historia del monasterio de la Visitaci\u00f3n de Calatayud<\/i>, pr\u00f3logo de Pedro Mont\u00f3n Puerto, Zaragoza, 1981, Centro de Estudios Bilbilitanos, 6, 156 p., 17 il., 16&#215;22 cm (Temas Aragoneses, 38). ISBN: 84-00-04816-4.<\/p>\n<p><b>Pr\u00f3logo<\/b>: \u00ab&#8230; Miguel Resano se fija en algo venerable, centenario, patinado por el paso del tiempo: en el monasterio de la Visitaci\u00f3n de Calatayud, objeto del minucioso trabajo que se recoge en estas p\u00e1ginas.<br \/>\nCalatayud, ciudad conventual, de rasgos definidos en la historia con perspectivas de contemplaci\u00f3n religiosa y vida lev\u00edtica, poco a poco y mucho a mucho va perdiendo ese car\u00e1cter, desvaneci\u00e9ndose hasta en el recuerdo. Pero el monasterio de la Visitaci\u00f3n, ya uno de los escasos, ha encontrado a su m\u00e1s perfecto glosador, al m\u00e1s detallista estudioso, al m\u00e1s paciente y cordial de los amigos&#8230;\u00bb<\/p>\n<div class=\"item\">\n<div class=\"nom\"><strong><span class=\"ficha_txt1\">NOTAS:\u00a0<\/span><\/strong><span class=\"normal\">Pr\u00f3logo de Pedro Mont\u00f3n Puerto.<\/span><\/div>\n<div class=\"nom\"><\/div>\n<\/div>\n<div class=\"item\">\n<div class=\"nom\"><strong><span class=\"ficha_txt1\">EDICI\u00d3N:<\/span><\/strong><\/div>\n<div class=\"items_block\">\n<ul>\n<li class=\"items_block_nom\"><span class=\"ficha_txt2\">Editado por:\u00a0<\/span><span class=\"normal\">IFC-CEB<\/span><\/li>\n<li class=\"items_block_nom\"><span class=\"ficha_txt2\">Edici\u00f3n:\u00a0<\/span><span class=\"normal\">156 p., 17 il., 16&#215;22 cm, ISBN 84-00-04816-4<\/span><\/li>\n<li class=\"items_block_nom\"><span class=\"ficha_txt2\">A\u00f1o edici\u00f3n:\u00a0<\/span><span class=\"normal\">1981<\/span><\/li>\n<\/ul>\n<div class=\"items_block_nom\"><\/div>\n<\/div>\n<\/div>\n<div class=\"item\">\n<div class=\"nom\"><strong><span class=\"ficha_txt1\">COLECCI\u00d3N:\u00a0<\/span><\/strong><span class=\"normal\">Centro de Estudios Bilbilitanos<\/span><\/div>\n<div class=\"nom\"><\/div>\n<\/div>\n<div class=\"item\">\n<div class=\"nom\"><span class=\"ficha_txt1\"><strong>N\u00ba PUBLICACI\u00d3N:<\/strong>\u00a0<\/span><span class=\"normal\">795 (IFC) &#8211; 6\u00a0(CEB)<\/span><\/div>\n<div class=\"nom\"><\/div>\n<\/div>\n<div class=\"item\">\n<div class=\"nom\"><span class=\"ficha_txt1\"><strong>PRECIO:<\/strong>\u00a0<\/span><span class=\"normal\">Agotado<\/span><\/div>\n<div class=\"nom\"><\/div>\n<\/div>\n<div class=\"item\">\n<div class=\"nom\"><strong><span class=\"ficha_txt1\">MATERIAS:<\/span><\/strong><\/div>\n<div class=\"dat\">\n<div class=\"options2\"><a href=\"http:\/\/ifc.dpz.es\/publicaciones\/listado\/categoria\/91\">ESTUDIOS LOCALES Y COMARCALES<\/a> &gt; <a href=\"http:\/\/ifc.dpz.es\/publicaciones\/listado\/categoria\/95\">Calatayud<\/a><\/div>\n<div class=\"options2\">HISTORIA, ARTE<\/div>\n<\/div>\n<\/div>\n<p>&nbsp;<\/p>\n","protected":false},"excerpt":{"rendered":"<p>&nbsp; RESANO S\u00c1NCHEZ, Miguel: Historia del monasterio de la Visitaci\u00f3n de Calatayud, pr\u00f3logo de Pedro Mont\u00f3n Puerto, Zaragoza, 1981, Centro de Estudios Bilbilitanos, 6, 156 p., 17 il., 16&#215;22 cm (Temas Aragoneses, 38). ISBN: 84-00-04816-4. Pr\u00f3logo: \u00ab&#8230; Miguel Resano se &hellip; <a href=\"http:\/\/cebilbilitanos.com\/?page_id=239\">Sigue leyendo <span class=\"meta-nav\">&rarr;<\/span><\/a><\/p>\n","protected":false},"author":1,"featured_media":0,"parent":193,"menu_order":0,"comment_status":"open","ping_status":"open","template":"","meta":[],"_links":{"self":[{"href":"http:\/\/cebilbilitanos.com\/index.php?rest_route=\/wp\/v2\/pages\/239"}],"collection":[{"href":"http:\/\/cebilbilitanos.com\/index.php?rest_route=\/wp\/v2\/pages"}],"about":[{"href":"http:\/\/cebilbilitanos.com\/index.php?rest_route=\/wp\/v2\/types\/page"}],"author":[{"embeddable":true,"href":"http:\/\/cebilbilitanos.com\/index.php?rest_route=\/wp\/v2\/users\/1"}],"replies":[{"embeddable":true,"href":"http:\/\/cebilbilitanos.com\/index.php?rest_route=%2Fwp%2Fv2%2Fcomments&post=239"}],"version-history":[{"count":3,"href":"http:\/\/cebilbilitanos.com\/index.php?rest_route=\/wp\/v2\/pages\/239\/revisions"}],"predecessor-version":[{"id":648,"href":"http:\/\/cebilbilitanos.com\/index.php?rest_route=\/wp\/v2\/pages\/239\/revisions\/648"}],"up":[{"embeddable":true,"href":"http:\/\/cebilbilitanos.com\/index.php?rest_route=\/wp\/v2\/pages\/193"}],"wp:attachment":[{"href":"http:\/\/cebilbilitanos.com\/index.php?rest_route=%2Fwp%2Fv2%2Fmedia&parent=239"}],"curies":[{"name":"wp","href":"https:\/\/api.w.org\/{rel}","templated":true}]}}