{"id":237,"date":"2015-09-12T11:03:18","date_gmt":"2015-09-12T11:03:18","guid":{"rendered":"http:\/\/cebilbilitanos.com\/?page_id=237"},"modified":"2015-09-13T18:05:47","modified_gmt":"2015-09-13T18:05:47","slug":"tratado-del-patronado-antiguedades-gobierno-y-varones-ilustres-de-la-ciudad-y-comunidad-de-calatayud-y-su-arcedianado","status":"publish","type":"page","link":"http:\/\/cebilbilitanos.com\/?page_id=237","title":{"rendered":"Tratado del Patronado, Antig\u00fcedades, Gobierno, y Varones Ilustres de la Ciudad, y Comunidad de Calatayud, y su Arcedianado"},"content":{"rendered":"<p><a style=\"clear: left; float: left; margin-bottom: 1em; margin-right: 1em;\" href=\"https:\/\/lh4.googleusercontent.com\/-b--U0ndkd88\/TWvjMws1kKI\/AAAAAAAAAB0\/FlZFCRVIFAI\/s1600\/cat_05.jpg\"><img decoding=\"async\" src=\"http:\/\/lh4.googleusercontent.com\/-b--U0ndkd88\/TWvjMws1kKI\/AAAAAAAAAB0\/FlZFCRVIFAI\/s1600\/cat_05.jpg\" alt=\"\" border=\"0\" \/><\/a><b>MART\u00cdNEZ DEL VILLAR, Miguel<\/b>: <i>Tratado del Patronado, Antig\u00fcedades, Gobierno, y Varones Ilustres de la Ciudad, y Comunidad de Calatayud, y su Arcedianado<\/i>, Zaragoza, 1980, Centro de Estudios Bilbilitanos, 5, 562 p. facs\u00edmile, 16&#215;22 cm. ISBN: 84-00-04733-8.<\/p>\n<p><b>Presentaci\u00f3n<\/b>: \u00ab&#8230; el siglo XVI en Calatayud, fue fecundo y brillante como pocos &#8230; hab\u00eda diferencias entre Ciudad y pueblos de la Comunidad; exist\u00eda desacuerdo en la distribuci\u00f3n de diezmos, entre quienes, por la creaci\u00f3n del Patronado del Arcedianado, deb\u00edan percibirlos. Estas cuestiones econ\u00f3mico-pol\u00edtico-jur\u00eddico-religiosas, dan pie a discusiones, pleitos y exigen arbitrajes.<\/p>\n<p>&#8230; estamos en pleno Renacimiento, y es natural, que alguien sienta deseo de componer la cr\u00f3nica, de escribir un libro. As\u00ed ve la luz \u00e9ste, redactado por el abogado de Mun\u00e9brega, Miguel Mart\u00ednez del Villar, a expensas de la Comunidad (no la Ciudad) de Calatayud.<\/p>\n<p>[&#8230;]<\/p>\n<p>Aquel c\u00famulo de hechos, hacen de este libro la primera cr\u00f3nica que refiere la historia local, acaso de una manera poco sistem\u00e1tica, sin duda como una parte de los alegatos jur\u00eddicos utilizados por un profesional del Derecho, en la defensa de una cuesti\u00f3n; pero facilitando una informaci\u00f3n bastante objetiva, escritas en el estilo literario y tipogr\u00e1fico del momento&#8230;\u00bb<\/p>\n<div class=\"item\">\n<div class=\"nom\"><strong><span class=\"ficha_txt1\">EDICI\u00d3N:<\/span><\/strong><\/div>\n<div class=\"items_block\">\n<ul>\n<li class=\"items_block_nom\"><span class=\"ficha_txt2\">Editado por:\u00a0<\/span><span class=\"normal\">IFC-CEB<\/span><\/li>\n<li class=\"items_block_nom\"><span class=\"ficha_txt2\">Edici\u00f3n:\u00a0<\/span><span class=\"normal\">562 p. facs\u00edmile, 16&#215;22 cm, ISBN 84-00-04733-8<\/span><\/li>\n<li class=\"items_block_nom\"><span class=\"ficha_txt2\">A\u00f1o edici\u00f3n:\u00a0<\/span><span class=\"normal\">1980<\/span><\/li>\n<\/ul>\n<\/div>\n<\/div>\n<div class=\"item\">\n<div class=\"nom\"><strong><span class=\"ficha_txt1\">COLECCI\u00d3N:\u00a0<\/span><\/strong><span class=\"normal\">Centro de Estudios Bilbilitanos<\/span><\/div>\n<\/div>\n<div class=\"item\">\n<div class=\"nom\"><\/div>\n<div class=\"nom\"><span class=\"ficha_txt1\"><strong>N\u00ba PUBLICACI\u00d3N:<\/strong>\u00a0<\/span><span class=\"normal\">794 (IFC) &#8211; 5\u00a0(CEB)<\/span><\/div>\n<\/div>\n<div class=\"item\">\n<div class=\"nom\"><\/div>\n<div class=\"nom\"><strong><span class=\"ficha_txt1\">PRECIO:\u00a0<\/span><\/strong><span class=\"normal\">Agotado<\/span><\/div>\n<\/div>\n<div class=\"item\">\n<div class=\"nom\"><\/div>\n<div class=\"nom\"><strong><span class=\"ficha_txt1\">MATERIAS:<\/span><\/strong><\/div>\n<div class=\"dat\">\n<div class=\"options2\">ESTUDIOS LOCALES Y COMARCALES &gt; Calatayud<\/div>\n<div class=\"options2\">HISTORIA &gt; Biograf\u00edas<\/div>\n<\/div>\n<\/div>\n","protected":false},"excerpt":{"rendered":"<p>MART\u00cdNEZ DEL VILLAR, Miguel: Tratado del Patronado, Antig\u00fcedades, Gobierno, y Varones Ilustres de la Ciudad, y Comunidad de Calatayud, y su Arcedianado, Zaragoza, 1980, Centro de Estudios Bilbilitanos, 5, 562 p. facs\u00edmile, 16&#215;22 cm. ISBN: 84-00-04733-8. Presentaci\u00f3n: \u00ab&#8230; el siglo &hellip; <a href=\"http:\/\/cebilbilitanos.com\/?page_id=237\">Sigue leyendo <span class=\"meta-nav\">&rarr;<\/span><\/a><\/p>\n","protected":false},"author":1,"featured_media":0,"parent":193,"menu_order":0,"comment_status":"open","ping_status":"open","template":"","meta":[],"_links":{"self":[{"href":"http:\/\/cebilbilitanos.com\/index.php?rest_route=\/wp\/v2\/pages\/237"}],"collection":[{"href":"http:\/\/cebilbilitanos.com\/index.php?rest_route=\/wp\/v2\/pages"}],"about":[{"href":"http:\/\/cebilbilitanos.com\/index.php?rest_route=\/wp\/v2\/types\/page"}],"author":[{"embeddable":true,"href":"http:\/\/cebilbilitanos.com\/index.php?rest_route=\/wp\/v2\/users\/1"}],"replies":[{"embeddable":true,"href":"http:\/\/cebilbilitanos.com\/index.php?rest_route=%2Fwp%2Fv2%2Fcomments&post=237"}],"version-history":[{"count":2,"href":"http:\/\/cebilbilitanos.com\/index.php?rest_route=\/wp\/v2\/pages\/237\/revisions"}],"predecessor-version":[{"id":705,"href":"http:\/\/cebilbilitanos.com\/index.php?rest_route=\/wp\/v2\/pages\/237\/revisions\/705"}],"up":[{"embeddable":true,"href":"http:\/\/cebilbilitanos.com\/index.php?rest_route=\/wp\/v2\/pages\/193"}],"wp:attachment":[{"href":"http:\/\/cebilbilitanos.com\/index.php?rest_route=%2Fwp%2Fv2%2Fmedia&parent=237"}],"curies":[{"name":"wp","href":"https:\/\/api.w.org\/{rel}","templated":true}]}}