{"id":2323,"date":"2019-01-03T16:08:09","date_gmt":"2019-01-03T16:08:09","guid":{"rendered":"http:\/\/cebilbilitanos.com\/?page_id=2323"},"modified":"2019-01-03T16:11:08","modified_gmt":"2019-01-03T16:11:08","slug":"la-terra-sigillata-hispanica-en-los-contextos-ceramicos-del-municipium-augusta-bilbilis","status":"publish","type":"page","link":"http:\/\/cebilbilitanos.com\/?page_id=2323","title":{"rendered":"La Terra Sigillata hisp\u00e1nica en los contextos cer\u00e1micos del Municipium Augusta B\u00edlbilis"},"content":{"rendered":"<p><img decoding=\"async\" loading=\"lazy\" class=\"aligncenter size-full wp-image-2324\" src=\"http:\/\/cebilbilitanos.com\/wp-content\/uploads\/2019\/01\/Screenshot_2.png\" alt=\"\" width=\"297\" height=\"422\" srcset=\"http:\/\/cebilbilitanos.com\/wp-content\/uploads\/2019\/01\/Screenshot_2.png 297w, http:\/\/cebilbilitanos.com\/wp-content\/uploads\/2019\/01\/Screenshot_2-211x300.png 211w\" sizes=\"(max-width: 297px) 100vw, 297px\" \/><\/p>\n<p><strong>Autor<\/strong>: S\u00e1enz Preciado, J. CarlosEdici\u00f3n:<\/p>\n<p><b>Editado por:<\/b>\u00a0IFC-CEB<br \/>\n<b>Edici\u00f3n:<\/b><\/p>\n<ul>\n<li>373 p., il., 21 x 29,5 cm.,<\/li>\n<li>ISBN 978-84-9911-516-0<\/li>\n<li><b>A\u00f1o edici\u00f3n:<\/b>\u00a02018<\/li>\n<li>N\u00ba Publicaci\u00f3n 3645<\/li>\n<li>Precio:22,00 \u20ac<\/li>\n<\/ul>\n<p>Materias:<\/p>\n<p class=\"options2\">ARQUEOLOG\u00cdA. PREHISTORIA. CIENCIAS DE LA ANTIG\u00dcEDAD\u00a0&gt;\u00a0Arqueolog\u00eda y Ciencias de la Antig\u00fcedad<\/p>\n<p class=\"options2\">ESTUDIOS LOCALES Y COMARCALES\u00a0&gt;\u00a0Calatayud<\/p>\n<p>Centrado en el estudio de las vajillas de\u00a0<em>sigillata<\/em>, sus estratigraf\u00edas y contextos cer\u00e1micos, talleres de procedencia y alfareros que las elaboraron, as\u00ed como en su comercializaci\u00f3n, uso y amortizaci\u00f3n, tambi\u00e9n<em>\u00a0<\/em>se estudian en este libro los conjuntos cer\u00e1micos integrados en colecciones p\u00fablicas y privadas, principalmente la antigua colecci\u00f3n del Conde de Samitier, as\u00ed como diversos fondos de museos. La identificaci\u00f3n de varios talleres que tuvieron en\u00a0<em>Bilbilis<\/em>su principal mercado es un ejemplo de la vitalidad de una ciudad que siempre fue receptiva a las novedades e innovaciones en cada momento.<\/p>\n<p>&nbsp;<\/p>\n","protected":false},"excerpt":{"rendered":"<p>Autor: S\u00e1enz Preciado, J. CarlosEdici\u00f3n: Editado por:\u00a0IFC-CEB Edici\u00f3n: 373 p., il., 21 x 29,5 cm., ISBN 978-84-9911-516-0 A\u00f1o edici\u00f3n:\u00a02018 N\u00ba Publicaci\u00f3n 3645 Precio:22,00 \u20ac Materias: ARQUEOLOG\u00cdA. PREHISTORIA. CIENCIAS DE LA ANTIG\u00dcEDAD\u00a0&gt;\u00a0Arqueolog\u00eda y Ciencias de la Antig\u00fcedad ESTUDIOS LOCALES Y COMARCALES\u00a0&gt;\u00a0Calatayud &hellip; <a href=\"http:\/\/cebilbilitanos.com\/?page_id=2323\">Sigue leyendo <span class=\"meta-nav\">&rarr;<\/span><\/a><\/p>\n","protected":false},"author":1,"featured_media":0,"parent":193,"menu_order":0,"comment_status":"closed","ping_status":"closed","template":"","meta":[],"_links":{"self":[{"href":"http:\/\/cebilbilitanos.com\/index.php?rest_route=\/wp\/v2\/pages\/2323"}],"collection":[{"href":"http:\/\/cebilbilitanos.com\/index.php?rest_route=\/wp\/v2\/pages"}],"about":[{"href":"http:\/\/cebilbilitanos.com\/index.php?rest_route=\/wp\/v2\/types\/page"}],"author":[{"embeddable":true,"href":"http:\/\/cebilbilitanos.com\/index.php?rest_route=\/wp\/v2\/users\/1"}],"replies":[{"embeddable":true,"href":"http:\/\/cebilbilitanos.com\/index.php?rest_route=%2Fwp%2Fv2%2Fcomments&post=2323"}],"version-history":[{"count":1,"href":"http:\/\/cebilbilitanos.com\/index.php?rest_route=\/wp\/v2\/pages\/2323\/revisions"}],"predecessor-version":[{"id":2325,"href":"http:\/\/cebilbilitanos.com\/index.php?rest_route=\/wp\/v2\/pages\/2323\/revisions\/2325"}],"up":[{"embeddable":true,"href":"http:\/\/cebilbilitanos.com\/index.php?rest_route=\/wp\/v2\/pages\/193"}],"wp:attachment":[{"href":"http:\/\/cebilbilitanos.com\/index.php?rest_route=%2Fwp%2Fv2%2Fmedia&parent=2323"}],"curies":[{"name":"wp","href":"https:\/\/api.w.org\/{rel}","templated":true}]}}