{"id":2311,"date":"2019-01-03T15:46:29","date_gmt":"2019-01-03T15:46:29","guid":{"rendered":"http:\/\/cebilbilitanos.com\/?page_id=2311"},"modified":"2019-01-03T16:13:37","modified_gmt":"2019-01-03T16:13:37","slug":"el-retablo-mayor-de-santa-maria-de-olves","status":"publish","type":"page","link":"http:\/\/cebilbilitanos.com\/?page_id=2311","title":{"rendered":"El retablo mayor de Santa Mar\u00eda de Olv\u00e9s"},"content":{"rendered":"<p><img decoding=\"async\" loading=\"lazy\" class=\"aligncenter size-full wp-image-2312\" src=\"http:\/\/cebilbilitanos.com\/wp-content\/uploads\/2019\/01\/PORTADA-LIBRO-OLVES.jpg\" alt=\"\" width=\"800\" height=\"1125\" srcset=\"http:\/\/cebilbilitanos.com\/wp-content\/uploads\/2019\/01\/PORTADA-LIBRO-OLVES.jpg 800w, http:\/\/cebilbilitanos.com\/wp-content\/uploads\/2019\/01\/PORTADA-LIBRO-OLVES-213x300.jpg 213w, http:\/\/cebilbilitanos.com\/wp-content\/uploads\/2019\/01\/PORTADA-LIBRO-OLVES-768x1080.jpg 768w, http:\/\/cebilbilitanos.com\/wp-content\/uploads\/2019\/01\/PORTADA-LIBRO-OLVES-728x1024.jpg 728w\" sizes=\"(max-width: 800px) 100vw, 800px\" \/><\/p>\n<p><strong>Autor:<\/strong> Criado Mainar, Jes\u00fas; Cantos Mart\u00ednez, Olga<\/p>\n<p><strong>Edici\u00f3n:<\/strong><\/p>\n<ul>\n<li><b>Editado por:<\/b>\u00a0IFC &#8211; Centro de Estudios Bilbilitanos<\/li>\n<li><b>Edici\u00f3n:<\/b>\u00a0219 p., il., 17 x 24 cm, ISBN 978-84-9911-477-4<\/li>\n<li><b>A\u00f1o edici\u00f3n:<\/b>\u00a02018<\/li>\n<li>N\u00ba Publicaci\u00f3n 3596<\/li>\n<\/ul>\n<p>Precio:20,00 \u20ac<\/p>\n<p>Materias:<\/p>\n<div class=\"options2\">ARTE\u00a0&gt;\u00a0Arte renacentista, barroco y neocl\u00e1sico<\/div>\n<div class=\"options2\">ESTUDIOS LOCALES Y COMARCALES\u00a0&gt;\u00a0Calatayud<\/div>\n<p>Estudio del retablo titular de la iglesia parroquial de Santa Mar\u00eda la Mayor de Olv\u00e9s, retablo que, diezmado por un robo sufrido en 1989 y desmontado desde hace a\u00f1os para hacer frente a la compleja restauraci\u00f3n del templo barroco que lo alberga, no es hoy sino un p\u00e1lido reflejo de lo que fue. Por tal motivo, este libro intenta divulgar un conjunto poco conocido pero de primer nivel, al tiempo que pretende servir como piedra de toque para promover su recuperaci\u00f3n.<\/p>\n","protected":false},"excerpt":{"rendered":"<p>Autor: Criado Mainar, Jes\u00fas; Cantos Mart\u00ednez, Olga Edici\u00f3n: Editado por:\u00a0IFC &#8211; Centro de Estudios Bilbilitanos Edici\u00f3n:\u00a0219 p., il., 17 x 24 cm, ISBN 978-84-9911-477-4 A\u00f1o edici\u00f3n:\u00a02018 N\u00ba Publicaci\u00f3n 3596 Precio:20,00 \u20ac Materias: ARTE\u00a0&gt;\u00a0Arte renacentista, barroco y neocl\u00e1sico ESTUDIOS LOCALES Y &hellip; <a href=\"http:\/\/cebilbilitanos.com\/?page_id=2311\">Sigue leyendo <span class=\"meta-nav\">&rarr;<\/span><\/a><\/p>\n","protected":false},"author":1,"featured_media":0,"parent":193,"menu_order":0,"comment_status":"closed","ping_status":"closed","template":"","meta":[],"_links":{"self":[{"href":"http:\/\/cebilbilitanos.com\/index.php?rest_route=\/wp\/v2\/pages\/2311"}],"collection":[{"href":"http:\/\/cebilbilitanos.com\/index.php?rest_route=\/wp\/v2\/pages"}],"about":[{"href":"http:\/\/cebilbilitanos.com\/index.php?rest_route=\/wp\/v2\/types\/page"}],"author":[{"embeddable":true,"href":"http:\/\/cebilbilitanos.com\/index.php?rest_route=\/wp\/v2\/users\/1"}],"replies":[{"embeddable":true,"href":"http:\/\/cebilbilitanos.com\/index.php?rest_route=%2Fwp%2Fv2%2Fcomments&post=2311"}],"version-history":[{"count":2,"href":"http:\/\/cebilbilitanos.com\/index.php?rest_route=\/wp\/v2\/pages\/2311\/revisions"}],"predecessor-version":[{"id":2329,"href":"http:\/\/cebilbilitanos.com\/index.php?rest_route=\/wp\/v2\/pages\/2311\/revisions\/2329"}],"up":[{"embeddable":true,"href":"http:\/\/cebilbilitanos.com\/index.php?rest_route=\/wp\/v2\/pages\/193"}],"wp:attachment":[{"href":"http:\/\/cebilbilitanos.com\/index.php?rest_route=%2Fwp%2Fv2%2Fmedia&parent=2311"}],"curies":[{"name":"wp","href":"https:\/\/api.w.org\/{rel}","templated":true}]}}