{"id":215,"date":"2015-09-12T10:31:18","date_gmt":"2015-09-12T10:31:18","guid":{"rendered":"http:\/\/cebilbilitanos.com\/?page_id=215"},"modified":"2015-09-13T17:03:23","modified_gmt":"2015-09-13T17:03:23","slug":"condiciones-de-existencia-y-nivel-de-vida-de-calatayud","status":"publish","type":"page","link":"http:\/\/cebilbilitanos.com\/?page_id=215","title":{"rendered":"Condiciones de existencia y nivel de vida de Calatayud"},"content":{"rendered":"<p><a href=\"http:\/\/cebilbilitanos.com\/wp-content\/uploads\/2015\/09\/condiciones-existencia-nivel-vida-calatayud-5362b485-5e9d-4e31-b3f5-3a43195bbb63.jpeg\"><img decoding=\"async\" loading=\"lazy\" class=\"aligncenter size-full wp-image-216\" src=\"http:\/\/cebilbilitanos.com\/wp-content\/uploads\/2015\/09\/condiciones-existencia-nivel-vida-calatayud-5362b485-5e9d-4e31-b3f5-3a43195bbb63.jpeg\" alt=\"condiciones-existencia-nivel-vida-calatayud-5362b485-5e9d-4e31-b3f5-3a43195bbb63\" width=\"357\" height=\"490\" srcset=\"http:\/\/cebilbilitanos.com\/wp-content\/uploads\/2015\/09\/condiciones-existencia-nivel-vida-calatayud-5362b485-5e9d-4e31-b3f5-3a43195bbb63.jpeg 357w, http:\/\/cebilbilitanos.com\/wp-content\/uploads\/2015\/09\/condiciones-existencia-nivel-vida-calatayud-5362b485-5e9d-4e31-b3f5-3a43195bbb63-219x300.jpeg 219w\" sizes=\"(max-width: 357px) 100vw, 357px\" \/><\/a><\/p>\n<p><b>GALINDO ORTIZ DE LAND\u00c1ZURI, Mar\u00eda del Carmen<\/b>: <i>Condiciones de existencia y nivel de vida de Calatayud<\/i>, Zaragoza, 1980, Centro de Estudios Bilbilitanos, 3, 82 p., 23 il., 16&#215;21 cm (Temas Aragoneses, 30). ISBN: 84-00-04595-8.<\/p>\n<p><b>Sinopsis<\/b>: Estudio sobre las condiciones de existencia y nivel de vida de la poblaci\u00f3n de Calatayud a principios de los a\u00f1os 70. A este respecto dice la autora en las \u00abConclusiones\u00bb: \u00ab&#8230;El examen concreto del nivel de vida, definido como la cantidad de bienes y servicios que consume normalmente una poblaci\u00f3n con una renta dada, nos confirma el superior nivel de vida medio de Calatayud respecto al promedio provincial y en relaci\u00f3n con las dem\u00e1s cabeceras comarcales de la provincia. La evaluaci\u00f3n del nivel de vida ha sido realizado en primera aproximaci\u00f3n a trav\u00e9s de las rentas que son las que posibilitan el consumo, resultando la renta per c\u00e1pita bilbilitana en posici\u00f3n preeminente dentro de Arag\u00f3n y de Zaragoza&#8230;\u00bb<\/p>\n<div class=\"item\">\n<div class=\"nom\"><strong><span class=\"ficha_txt1\">EDICI\u00d3N:<\/span><\/strong><\/div>\n<div class=\"items_block\">\n<ul>\n<li class=\"items_block_nom\"><span class=\"ficha_txt2\">Editado por:\u00a0<\/span><span class=\"normal\">IFC-CEB<\/span><\/li>\n<li class=\"items_block_nom\"><span class=\"ficha_txt2\">Edici\u00f3n:\u00a0<\/span><span class=\"normal\">82 p., 23 il., 16&#215;21 cm.<\/span><\/li>\n<li class=\"items_block_nom\"><span class=\"ficha_txt2\">A\u00f1o edici\u00f3n:\u00a0<\/span><span class=\"normal\">1980<\/span><\/li>\n<\/ul>\n<\/div>\n<\/div>\n<div class=\"item\">\n<div class=\"nom\"><strong><span class=\"ficha_txt1\">COLECCI\u00d3N:\u00a0<\/span><\/strong>Centro de Estudios Bilbilitanos<\/div>\n<p><strong><span class=\"ficha_txt1\">N\u00ba PUBLICACI\u00d3N:\u00a0<\/span><\/strong><span class=\"normal\">750\u00a0 (IFC) &#8211; 3 (CEB)<\/span><\/p>\n<\/div>\n<div class=\"item\">\n<div class=\"nom\"><strong><span class=\"ficha_txt1\">PRECIO:\u00a0<\/span><\/strong><span class=\"normal\">Agotado<\/span><\/div>\n<div class=\"nom\"><\/div>\n<\/div>\n<div class=\"item\">\n<div class=\"nom\"><strong><span class=\"ficha_txt1\">MATERIAS:<\/span><\/strong><\/div>\n<div class=\"dat\">\n<div class=\"options2\">CIENCIAS DE LA TIERRA. GEOGRAF\u00cdA. ECONOM\u00cdA &gt; Geograf\u00eda local y comarcal<\/div>\n<div class=\"options2\">ESTUDIOS LOCALES Y COMARCALES &gt; Calatayud<\/div>\n<\/div>\n<\/div>\n","protected":false},"excerpt":{"rendered":"<p>GALINDO ORTIZ DE LAND\u00c1ZURI, Mar\u00eda del Carmen: Condiciones de existencia y nivel de vida de Calatayud, Zaragoza, 1980, Centro de Estudios Bilbilitanos, 3, 82 p., 23 il., 16&#215;21 cm (Temas Aragoneses, 30). ISBN: 84-00-04595-8. Sinopsis: Estudio sobre las condiciones de &hellip; <a href=\"http:\/\/cebilbilitanos.com\/?page_id=215\">Sigue leyendo <span class=\"meta-nav\">&rarr;<\/span><\/a><\/p>\n","protected":false},"author":1,"featured_media":0,"parent":193,"menu_order":0,"comment_status":"open","ping_status":"open","template":"","meta":[],"_links":{"self":[{"href":"http:\/\/cebilbilitanos.com\/index.php?rest_route=\/wp\/v2\/pages\/215"}],"collection":[{"href":"http:\/\/cebilbilitanos.com\/index.php?rest_route=\/wp\/v2\/pages"}],"about":[{"href":"http:\/\/cebilbilitanos.com\/index.php?rest_route=\/wp\/v2\/types\/page"}],"author":[{"embeddable":true,"href":"http:\/\/cebilbilitanos.com\/index.php?rest_route=\/wp\/v2\/users\/1"}],"replies":[{"embeddable":true,"href":"http:\/\/cebilbilitanos.com\/index.php?rest_route=%2Fwp%2Fv2%2Fcomments&post=215"}],"version-history":[{"count":4,"href":"http:\/\/cebilbilitanos.com\/index.php?rest_route=\/wp\/v2\/pages\/215\/revisions"}],"predecessor-version":[{"id":610,"href":"http:\/\/cebilbilitanos.com\/index.php?rest_route=\/wp\/v2\/pages\/215\/revisions\/610"}],"up":[{"embeddable":true,"href":"http:\/\/cebilbilitanos.com\/index.php?rest_route=\/wp\/v2\/pages\/193"}],"wp:attachment":[{"href":"http:\/\/cebilbilitanos.com\/index.php?rest_route=%2Fwp%2Fv2%2Fmedia&parent=215"}],"curies":[{"name":"wp","href":"https:\/\/api.w.org\/{rel}","templated":true}]}}