{"id":211,"date":"2015-09-12T08:22:49","date_gmt":"2015-09-12T08:22:49","guid":{"rendered":"http:\/\/cebilbilitanos.com\/?page_id=211"},"modified":"2015-09-13T17:00:29","modified_gmt":"2015-09-13T17:00:29","slug":"casi-toda-una-vida-y-parte-de-la-muerte","status":"publish","type":"page","link":"http:\/\/cebilbilitanos.com\/?page_id=211","title":{"rendered":"Casi toda una vida y parte de la muerte"},"content":{"rendered":"<p><a href=\"http:\/\/cebilbilitanos.com\/wp-content\/uploads\/2015\/09\/casi-toda-vida-parte-muerte-antologia-prologo-ab21bece-4e2f-495a-be09-404410123017.jpeg\"><img decoding=\"async\" loading=\"lazy\" class=\"aligncenter size-full wp-image-208\" src=\"http:\/\/cebilbilitanos.com\/wp-content\/uploads\/2015\/09\/casi-toda-vida-parte-muerte-antologia-prologo-ab21bece-4e2f-495a-be09-404410123017.jpeg\" alt=\"casi-toda-vida-parte-muerte-antologia-prologo-ab21bece-4e2f-495a-be09-404410123017\" width=\"461\" height=\"490\" srcset=\"http:\/\/cebilbilitanos.com\/wp-content\/uploads\/2015\/09\/casi-toda-vida-parte-muerte-antologia-prologo-ab21bece-4e2f-495a-be09-404410123017.jpeg 461w, http:\/\/cebilbilitanos.com\/wp-content\/uploads\/2015\/09\/casi-toda-vida-parte-muerte-antologia-prologo-ab21bece-4e2f-495a-be09-404410123017-282x300.jpeg 282w\" sizes=\"(max-width: 461px) 100vw, 461px\" \/><\/a><\/p>\n<p>&nbsp;<\/p>\n<p><b>MONT\u00d3N PUERTO, Pedro:<\/b> <i>Casi toda una vida y parte de la muerte<\/i>. Antolog\u00eda, Zaragoza, 1980, Centro de Estudios Bilbilitanos, 2, 78 p., 15&#215;24 cm (San Jorge, de Poes\u00eda, 21). ISBN: 84-00-04562-9.<\/p>\n<p><b>Pr\u00f3logo<\/b>: \u00ab&#8230;vas a encontrarte con las impresiones de un hombre que ve abrirse la vida a su paso y tambi\u00e9n va sintiendo c\u00f3mo se extingue la de sus seres queridos. Te presenta su obra, escrita mientras busca el sustento propio y de numerosa prole, en el lugar de su nacimiento. Es sus versos est\u00e1 contenida la carga emocional de quien tuvo una dorada ni\u00f1ez y demostr\u00f3 c\u00f3mo sabe y puede hacer alguien con elegancia espiritual que le permite no caer en actitudes hostiles hacia la sociedad y s\u00ed encuentra poes\u00eda en su entorno&#8230;\u00bb<\/p>\n<div class=\"nom\">\n<div class=\"item\">\n<div class=\"nom\"><strong><span class=\"ficha_txt1\">EDICI\u00d3N:<\/span><\/strong><\/div>\n<div class=\"items_block\">\n<ul>\n<li class=\"items_block_nom\"><span class=\"ficha_txt2\">Editado por:\u00a0<\/span><span class=\"normal\">IFC-CEB<\/span><\/li>\n<li class=\"items_block_nom\"><span class=\"ficha_txt2\">Edici\u00f3n:\u00a0<\/span><span class=\"normal\">78 p., 15&#215;24 cm.<\/span><\/li>\n<li class=\"items_block_nom\"><span class=\"ficha_txt2\">A\u00f1o edici\u00f3n:\u00a0<\/span><span class=\"normal\">1980<\/span><\/li>\n<\/ul>\n<\/div>\n<\/div>\n<div class=\"item\">\n<div class=\"nom\"><strong><span class=\"ficha_txt1\">COLECCI\u00d3N:\u00a0<\/span><\/strong>Centro de Estudios Bilbilitanos<\/div>\n<p><strong>N\u00ba PUBLICACI\u00d3N:<\/strong>\u00a0743 (IFC) &#8211; 73 (CEB)<\/p>\n<\/div>\n<div class=\"item\">\n<div class=\"nom\"><span class=\"ficha_txt1\"><strong>PRECIO:<\/strong>\u00a0<\/span><span class=\"normal\">Agotado<\/span><\/div>\n<\/div>\n<div class=\"item\">\n<div class=\"nom\"><\/div>\n<div class=\"nom\"><strong><span class=\"ficha_txt1\">MATERIAS:<\/span><\/strong><\/div>\n<div class=\"dat\">\n<div class=\"options2\">NARRATIVA, POES\u00cdA y TEATRO &gt; Poes\u00eda<\/div>\n<\/div>\n<\/div>\n<\/div>\n","protected":false},"excerpt":{"rendered":"<p>&nbsp; MONT\u00d3N PUERTO, Pedro: Casi toda una vida y parte de la muerte. Antolog\u00eda, Zaragoza, 1980, Centro de Estudios Bilbilitanos, 2, 78 p., 15&#215;24 cm (San Jorge, de Poes\u00eda, 21). ISBN: 84-00-04562-9. Pr\u00f3logo: \u00ab&#8230;vas a encontrarte con las impresiones de &hellip; <a href=\"http:\/\/cebilbilitanos.com\/?page_id=211\">Sigue leyendo <span class=\"meta-nav\">&rarr;<\/span><\/a><\/p>\n","protected":false},"author":1,"featured_media":0,"parent":193,"menu_order":0,"comment_status":"open","ping_status":"open","template":"","meta":[],"_links":{"self":[{"href":"http:\/\/cebilbilitanos.com\/index.php?rest_route=\/wp\/v2\/pages\/211"}],"collection":[{"href":"http:\/\/cebilbilitanos.com\/index.php?rest_route=\/wp\/v2\/pages"}],"about":[{"href":"http:\/\/cebilbilitanos.com\/index.php?rest_route=\/wp\/v2\/types\/page"}],"author":[{"embeddable":true,"href":"http:\/\/cebilbilitanos.com\/index.php?rest_route=\/wp\/v2\/users\/1"}],"replies":[{"embeddable":true,"href":"http:\/\/cebilbilitanos.com\/index.php?rest_route=%2Fwp%2Fv2%2Fcomments&post=211"}],"version-history":[{"count":5,"href":"http:\/\/cebilbilitanos.com\/index.php?rest_route=\/wp\/v2\/pages\/211\/revisions"}],"predecessor-version":[{"id":605,"href":"http:\/\/cebilbilitanos.com\/index.php?rest_route=\/wp\/v2\/pages\/211\/revisions\/605"}],"up":[{"embeddable":true,"href":"http:\/\/cebilbilitanos.com\/index.php?rest_route=\/wp\/v2\/pages\/193"}],"wp:attachment":[{"href":"http:\/\/cebilbilitanos.com\/index.php?rest_route=%2Fwp%2Fv2%2Fmedia&parent=211"}],"curies":[{"name":"wp","href":"https:\/\/api.w.org\/{rel}","templated":true}]}}