{"id":1435,"date":"2016-12-22T15:43:58","date_gmt":"2016-12-22T15:43:58","guid":{"rendered":"http:\/\/cebilbilitanos.com\/?page_id=1435"},"modified":"2016-12-22T15:43:58","modified_gmt":"2016-12-22T15:43:58","slug":"asociacion-cultural-carrabilla","status":"publish","type":"page","link":"http:\/\/cebilbilitanos.com\/?page_id=1435","title":{"rendered":"ASOCIACI\u00d3N CULTURAL CARRABILLA"},"content":{"rendered":"<p><img decoding=\"async\" loading=\"lazy\" class=\"aligncenter wp-image-1415 size-full\" src=\"http:\/\/cebilbilitanos.com\/wp-content\/uploads\/2016\/12\/7.-Carrabilla.jpg\" width=\"580\" height=\"435\" srcset=\"http:\/\/cebilbilitanos.com\/wp-content\/uploads\/2016\/12\/7.-Carrabilla.jpg 580w, http:\/\/cebilbilitanos.com\/wp-content\/uploads\/2016\/12\/7.-Carrabilla-300x225.jpg 300w\" sizes=\"(max-width: 580px) 100vw, 580px\" \/><\/p>\n<h2>Contacto:<\/h2>\n<p>Correo electr\u00f3nico: <a href=\"mailto:mbnaturalistas@gmail.com\">mbnaturalistas@gmail.com<\/a><\/p>\n<h2>\u00c1mbito y l\u00edneas de investigaci\u00f3n:<\/h2>\n<ul>\n<li>Desarrollo rural, educaci\u00f3n ambiental, patrimonio cultural, art\u00edstico y natural. Etnograf\u00eda, arquitectura tradicional , paisaje y mujer.<\/li>\n<\/ul>\n<h2>Publicaciones :<\/h2>\n<ul>\n<li>30 PIP en la Comarca de Calatayud.<\/li>\n<li>Los burros de Moros, 16 historias de trabajo.<br \/>\nSerie Paisaje Cultural (Aranda, Mesa y Manubles).<\/li>\n<li>Materiales divulgativos Valle del Manubles, y Valle del Algadir.<\/li>\n<li>Castillos en el Valle del Manubles.<\/li>\n<\/ul>\n<p>Material expositivo sobre Indumentaria Tradicional en la Comarca Comunidad de Calatayud<\/p>\n<h2>Actividades desarrolladas:<\/h2>\n<ul>\n<li>Programa de Difusi\u00f3n Cultural Anual El r\u00edo que nos une (2010-2016).<\/li>\n<li>D\u00eda Internacional de la Mujer Trabajadora. D\u00eda Internacional de la Mujer en el medio rural.<\/li>\n<li>Actividades de educaci\u00f3n ambiental: Abrazo al r\u00edo Manubles.<\/li>\n<li>Encuentros a la sombra de la sabina en el Alto Jal\u00f3n.<\/li>\n<li>Actividades de cocina tradicional.<\/li>\n<li>Seminarios de la Guerra de los Dos Pedros en el valle del Manubles.<\/li>\n<li>Andadas populares.<\/li>\n<li>Grupo de peque\u00f1os naturalistas.<\/li>\n<\/ul>\n","protected":false},"excerpt":{"rendered":"<p>Contacto: Correo electr\u00f3nico: mbnaturalistas@gmail.com \u00c1mbito y l\u00edneas de investigaci\u00f3n: Desarrollo rural, educaci\u00f3n ambiental, patrimonio cultural, art\u00edstico y natural. Etnograf\u00eda, arquitectura tradicional , paisaje y mujer. Publicaciones : 30 PIP en la Comarca de Calatayud. Los burros de Moros, 16 historias &hellip; <a href=\"http:\/\/cebilbilitanos.com\/?page_id=1435\">Sigue leyendo <span class=\"meta-nav\">&rarr;<\/span><\/a><\/p>\n","protected":false},"author":1,"featured_media":0,"parent":1290,"menu_order":0,"comment_status":"closed","ping_status":"closed","template":"","meta":[],"_links":{"self":[{"href":"http:\/\/cebilbilitanos.com\/index.php?rest_route=\/wp\/v2\/pages\/1435"}],"collection":[{"href":"http:\/\/cebilbilitanos.com\/index.php?rest_route=\/wp\/v2\/pages"}],"about":[{"href":"http:\/\/cebilbilitanos.com\/index.php?rest_route=\/wp\/v2\/types\/page"}],"author":[{"embeddable":true,"href":"http:\/\/cebilbilitanos.com\/index.php?rest_route=\/wp\/v2\/users\/1"}],"replies":[{"embeddable":true,"href":"http:\/\/cebilbilitanos.com\/index.php?rest_route=%2Fwp%2Fv2%2Fcomments&post=1435"}],"version-history":[{"count":1,"href":"http:\/\/cebilbilitanos.com\/index.php?rest_route=\/wp\/v2\/pages\/1435\/revisions"}],"predecessor-version":[{"id":1436,"href":"http:\/\/cebilbilitanos.com\/index.php?rest_route=\/wp\/v2\/pages\/1435\/revisions\/1436"}],"up":[{"embeddable":true,"href":"http:\/\/cebilbilitanos.com\/index.php?rest_route=\/wp\/v2\/pages\/1290"}],"wp:attachment":[{"href":"http:\/\/cebilbilitanos.com\/index.php?rest_route=%2Fwp%2Fv2%2Fmedia&parent=1435"}],"curies":[{"name":"wp","href":"https:\/\/api.w.org\/{rel}","templated":true}]}}