{"id":1378,"date":"2016-12-15T18:36:35","date_gmt":"2016-12-15T18:36:35","guid":{"rendered":"http:\/\/cebilbilitanos.com\/?page_id=1378"},"modified":"2016-12-15T18:58:58","modified_gmt":"2016-12-15T18:58:58","slug":"nacho-moreno-medina","status":"publish","type":"page","link":"http:\/\/cebilbilitanos.com\/?page_id=1378","title":{"rendered":"Nacho Moreno Medina"},"content":{"rendered":"<p><img decoding=\"async\" loading=\"lazy\" class=\"aligncenter size-full wp-image-1380\" src=\"http:\/\/cebilbilitanos.com\/wp-content\/uploads\/2016\/12\/nacho_morenomedina.jpg\" alt=\"nacho_morenomedina\" width=\"276\" height=\"228\" \/><\/p>\n<p><img decoding=\"async\" loading=\"lazy\" class=\"aligncenter size-full wp-image-1379\" src=\"http:\/\/cebilbilitanos.com\/wp-content\/uploads\/2016\/12\/calatayud1.gif\" alt=\"calatayud1\" width=\"400\" height=\"621\" \/><\/p>\n<h2>Contacto:<\/h2>\n<p>Correo electr\u00f3nico: <a href=\"mailto:nachomorenomedina@hotmail.com\">nachomorenomedina@hotmail.com<\/a><\/p>\n<h2>L\u00edneas actuales de investigaci\u00f3n:<\/h2>\n<p>Historia Contempor\u00e1nea de Espa\u00f1a. Rep\u00fablica y Guerra Civil. Franquismo. Represi\u00f3n franquista. Pol\u00edticas memorialistas. Transici\u00f3n. Arag\u00f3n (1931-1945). Calatayud siglo XX.<\/p>\n<h2>Publicaciones:<\/h2>\n<ul>\n<li>La ciudad silenciada. Segunda Rep\u00fablica y represi\u00f3n fascista en Calatayud (1931-1939), Calatayud, Ateneo 14 de Abril, 2009<\/li>\n<li>Escr\u00edbeme a la tierra. Homenaje a las v\u00edctimas de la represi\u00f3n en Torrijo de la Ca\u00f1ada (1936-1945), Zaragoza, Aqua, 2011<\/li>\n<li>Pagar las culpas. La represi\u00f3n econ\u00f3mica en Arag\u00f3n (1939-1945). Barcelona, Cr\u00edtica, 2014<\/li>\n<li>Nadie est\u00e1 a salvo. La represi\u00f3n econ\u00f3mica en Calatayud. Congreso Historia Local de Cari\u00f1ena, 2009.<\/li>\n<li>La conflictividad obrera en Calatayud durante la Segunda Rep\u00fablica. Revista Rolde, 2007<\/li>\n<li>Los bombardeos en Calatayud durante la Guerra Civil\u201d, en Actas del IX Encuentro de Estudios Bilbilitanos, Calatayud, CEB, 2016<\/li>\n<li>\u201cContra la pared. El sistema concentracionario en Calatayud (1936-1939)\u201d, en Actas del IX Encuentro de Estudios Bilbilitanos, Calatayud, CEB, 2016.<\/li>\n<\/ul>\n<h2>Observaciones:<\/h2>\n<ul>\n<li>Licenciado en Historia y Diplomado en Estudios Avanzados en Historia Contempor\u00e1nea.<\/li>\n<li>Asesor hist\u00f3rico en exhumaciones de la guerra civil en Calatayud y Cetina.<\/li>\n<li>Asesor hist\u00f3rico en el documental La Guerra Civil en Arag\u00f3n (cap\u00edtulo 1)<\/li>\n<li>Consejero del Centro de Estudios Bilbilitanos<\/li>\n<\/ul>\n","protected":false},"excerpt":{"rendered":"<p>Contacto: Correo electr\u00f3nico: nachomorenomedina@hotmail.com L\u00edneas actuales de investigaci\u00f3n: Historia Contempor\u00e1nea de Espa\u00f1a. Rep\u00fablica y Guerra Civil. Franquismo. Represi\u00f3n franquista. Pol\u00edticas memorialistas. Transici\u00f3n. Arag\u00f3n (1931-1945). Calatayud siglo XX. Publicaciones: La ciudad silenciada. Segunda Rep\u00fablica y represi\u00f3n fascista en Calatayud (1931-1939), Calatayud, &hellip; <a href=\"http:\/\/cebilbilitanos.com\/?page_id=1378\">Sigue leyendo <span class=\"meta-nav\">&rarr;<\/span><\/a><\/p>\n","protected":false},"author":1,"featured_media":0,"parent":1290,"menu_order":0,"comment_status":"closed","ping_status":"closed","template":"","meta":[],"_links":{"self":[{"href":"http:\/\/cebilbilitanos.com\/index.php?rest_route=\/wp\/v2\/pages\/1378"}],"collection":[{"href":"http:\/\/cebilbilitanos.com\/index.php?rest_route=\/wp\/v2\/pages"}],"about":[{"href":"http:\/\/cebilbilitanos.com\/index.php?rest_route=\/wp\/v2\/types\/page"}],"author":[{"embeddable":true,"href":"http:\/\/cebilbilitanos.com\/index.php?rest_route=\/wp\/v2\/users\/1"}],"replies":[{"embeddable":true,"href":"http:\/\/cebilbilitanos.com\/index.php?rest_route=%2Fwp%2Fv2%2Fcomments&post=1378"}],"version-history":[{"count":2,"href":"http:\/\/cebilbilitanos.com\/index.php?rest_route=\/wp\/v2\/pages\/1378\/revisions"}],"predecessor-version":[{"id":1393,"href":"http:\/\/cebilbilitanos.com\/index.php?rest_route=\/wp\/v2\/pages\/1378\/revisions\/1393"}],"up":[{"embeddable":true,"href":"http:\/\/cebilbilitanos.com\/index.php?rest_route=\/wp\/v2\/pages\/1290"}],"wp:attachment":[{"href":"http:\/\/cebilbilitanos.com\/index.php?rest_route=%2Fwp%2Fv2%2Fmedia&parent=1378"}],"curies":[{"name":"wp","href":"https:\/\/api.w.org\/{rel}","templated":true}]}}